{"id":248,"date":"2025-12-30T23:45:54","date_gmt":"2025-12-31T02:45:54","guid":{"rendered":"https:\/\/auriveracapital.com.br\/?page_id=248"},"modified":"2026-01-16T02:29:30","modified_gmt":"2026-01-16T05:29:30","slug":"contato","status":"publish","type":"page","link":"https:\/\/auriveracapital.com.br\/en\/contato\/","title":{"rendered":"Contact"},"content":{"rendered":"\t\t<div data-elementor-type=\"wp-page\" data-elementor-id=\"248\" class=\"elementor elementor-248\" data-elementor-post-type=\"page\">\n\t\t\t\t<div class=\"elementor-element elementor-element-1296eef5 e-flex e-con-boxed e-con e-parent\" data-id=\"1296eef5\" data-element_type=\"container\" data-e-type=\"container\" data-settings=\"{&quot;background_background&quot;:&quot;classic&quot;}\">\n\t\t\t\t\t<div class=\"e-con-inner\">\n\t\t<div class=\"elementor-element elementor-element-7317b7c4 e-flex e-con-boxed e-con e-child\" data-id=\"7317b7c4\" data-element_type=\"container\" data-e-type=\"container\">\n\t\t\t\t\t<div class=\"e-con-inner\">\n\t\t<div class=\"elementor-element elementor-element-67411f98 e-flex e-con-boxed e-con e-child\" data-id=\"67411f98\" data-element_type=\"container\" data-e-type=\"container\">\n\t\t\t\t\t<div class=\"e-con-inner\">\n\t\t\t\t<div class=\"elementor-element elementor-element-4bbf159f elementor-widget elementor-widget-heading\" data-id=\"4bbf159f\" data-element_type=\"widget\" data-e-type=\"widget\" data-widget_type=\"heading.default\">\n\t\t\t\t\t<h3 class=\"elementor-heading-title elementor-size-default\">Como podemos te ajudar?<\/h3>\t\t\t\t<\/div>\n\t\t\t\t<div class=\"elementor-element elementor-element-12b07913 animated-slow elementor-invisible elementor-widget elementor-widget-text-editor\" data-id=\"12b07913\" data-element_type=\"widget\" data-e-type=\"widget\" data-settings=\"{&quot;_animation&quot;:&quot;fadeInUp&quot;}\" data-widget_type=\"text-editor.default\">\n\t\t\t\t\t\t\t\t\t<p>Contact viverra aliquet eget sit amet tellus. Egestas egestas fringilla phasellus faucibus scelerisque. Cursus in hac habitasse platea dictumst quisque.Vitae congue mauris rhoncus aenean vel elit scelerisque mauris pellentesque. Leo urna molestie at elementum eu facilisis sed. <\/p>\t\t\t\t\t\t\t\t<\/div>\n\t\t\t\t<div class=\"elementor-element elementor-element-1e92b47d elementor-position-inline-start animated-slow elementor-view-stacked elementor-shape-square elementor-mobile-position-block-start elementor-invisible elementor-widget elementor-widget-icon-box\" data-id=\"1e92b47d\" data-element_type=\"widget\" data-e-type=\"widget\" data-settings=\"{&quot;_animation&quot;:&quot;fadeInUp&quot;}\" data-widget_type=\"icon-box.default\">\n\t\t\t\t\t\t\t<div class=\"elementor-icon-box-wrapper\">\n\n\t\t\t\t\t\t<div class=\"elementor-icon-box-icon\">\n\t\t\t\t<span  class=\"elementor-icon\">\n\t\t\t\t<svg aria-hidden=\"true\" class=\"e-font-icon-svg e-fas-map-marker-alt\" viewBox=\"0 0 384 512\" xmlns=\"http:\/\/www.w3.org\/2000\/svg\"><path d=\"M172.268 501.67C26.97 291.031 0 269.413 0 192 0 85.961 85.961 0 192 0s192 85.961 192 192c0 77.413-26.97 99.031-172.268 309.67-9.535 13.774-29.93 13.773-39.464 0zM192 272c44.183 0 80-35.817 80-80s-35.817-80-80-80-80 35.817-80 80 35.817 80 80 80z\"><\/path><\/svg>\t\t\t\t<\/span>\n\t\t\t<\/div>\n\t\t\t\n\t\t\t\t\t\t<div class=\"elementor-icon-box-content\">\n\n\t\t\t\t\t\t\t\t\t<h5 class=\"elementor-icon-box-title\">\n\t\t\t\t\t\t<span  >\n\t\t\t\t\t\t\tEndere\u00e7o\t\t\t\t\t\t<\/span>\n\t\t\t\t\t<\/h5>\n\t\t\t\t\n\t\t\t\t\t\t\t\t\t<p class=\"elementor-icon-box-description\">\n\t\t\t\t\t\t390, Turiassu street - suite 165 - 16th floor - Perdizes  - S\u00e3o Paulo city - S\u00e3o Paulo state - Brasil\t\t\t\t\t<\/p>\n\t\t\t\t\n\t\t\t<\/div>\n\t\t\t\n\t\t<\/div>\n\t\t\t\t\t\t<\/div>\n\t\t\t\t<div class=\"elementor-element elementor-element-1f883a0f elementor-position-inline-start animated-slow elementor-view-stacked elementor-shape-square elementor-mobile-position-block-start elementor-invisible elementor-widget elementor-widget-icon-box\" data-id=\"1f883a0f\" data-element_type=\"widget\" data-e-type=\"widget\" data-settings=\"{&quot;_animation&quot;:&quot;fadeInUp&quot;}\" data-widget_type=\"icon-box.default\">\n\t\t\t\t\t\t\t<div class=\"elementor-icon-box-wrapper\">\n\n\t\t\t\t\t\t<div class=\"elementor-icon-box-icon\">\n\t\t\t\t<span  class=\"elementor-icon\">\n\t\t\t\t<svg aria-hidden=\"true\" class=\"e-font-icon-svg e-fas-envelope-open\" viewBox=\"0 0 512 512\" xmlns=\"http:\/\/www.w3.org\/2000\/svg\"><path d=\"M512 464c0 26.51-21.49 48-48 48H48c-26.51 0-48-21.49-48-48V200.724a48 48 0 0 1 18.387-37.776c24.913-19.529 45.501-35.365 164.2-121.511C199.412 29.17 232.797-.347 256 .003c23.198-.354 56.596 29.172 73.413 41.433 118.687 86.137 139.303 101.995 164.2 121.512A48 48 0 0 1 512 200.724V464zm-65.666-196.605c-2.563-3.728-7.7-4.595-11.339-1.907-22.845 16.873-55.462 40.705-105.582 77.079-16.825 12.266-50.21 41.781-73.413 41.43-23.211.344-56.559-29.143-73.413-41.43-50.114-36.37-82.734-60.204-105.582-77.079-3.639-2.688-8.776-1.821-11.339 1.907l-9.072 13.196a7.998 7.998 0 0 0 1.839 10.967c22.887 16.899 55.454 40.69 105.303 76.868 20.274 14.781 56.524 47.813 92.264 47.573 35.724.242 71.961-32.771 92.263-47.573 49.85-36.179 82.418-59.97 105.303-76.868a7.998 7.998 0 0 0 1.839-10.967l-9.071-13.196z\"><\/path><\/svg>\t\t\t\t<\/span>\n\t\t\t<\/div>\n\t\t\t\n\t\t\t\t\t\t<div class=\"elementor-icon-box-content\">\n\n\t\t\t\t\t\t\t\t\t<h5 class=\"elementor-icon-box-title\">\n\t\t\t\t\t\t<span  >\n\t\t\t\t\t\t\tE-mail\t\t\t\t\t\t<\/span>\n\t\t\t\t\t<\/h5>\n\t\t\t\t\n\t\t\t\t\t\t\t\t\t<p class=\"elementor-icon-box-description\">\n\t\t\t\t\t\tcontato@auriveracapital.com.br\t\t\t\t\t<\/p>\n\t\t\t\t\n\t\t\t<\/div>\n\t\t\t\n\t\t<\/div>\n\t\t\t\t\t\t<\/div>\n\t\t\t\t<div class=\"elementor-element elementor-element-37d11f98 elementor-position-inline-start animated-slow elementor-view-stacked elementor-shape-square elementor-mobile-position-block-start elementor-invisible elementor-widget elementor-widget-icon-box\" data-id=\"37d11f98\" data-element_type=\"widget\" data-e-type=\"widget\" data-settings=\"{&quot;_animation&quot;:&quot;fadeInUp&quot;}\" data-widget_type=\"icon-box.default\">\n\t\t\t\t\t\t\t<div class=\"elementor-icon-box-wrapper\">\n\n\t\t\t\t\t\t<div class=\"elementor-icon-box-icon\">\n\t\t\t\t<span  class=\"elementor-icon\">\n\t\t\t\t<svg aria-hidden=\"true\" class=\"e-font-icon-svg e-fas-phone-alt\" viewBox=\"0 0 512 512\" xmlns=\"http:\/\/www.w3.org\/2000\/svg\"><path d=\"M497.39 361.8l-112-48a24 24 0 0 0-28 6.9l-49.6 60.6A370.66 370.66 0 0 1 130.6 204.11l60.6-49.6a23.94 23.94 0 0 0 6.9-28l-48-112A24.16 24.16 0 0 0 122.6.61l-104 24A24 24 0 0 0 0 48c0 256.5 207.9 464 464 464a24 24 0 0 0 23.4-18.6l24-104a24.29 24.29 0 0 0-14.01-27.6z\"><\/path><\/svg>\t\t\t\t<\/span>\n\t\t\t<\/div>\n\t\t\t\n\t\t\t\t\t\t<div class=\"elementor-icon-box-content\">\n\n\t\t\t\t\t\t\t\t\t<h5 class=\"elementor-icon-box-title\">\n\t\t\t\t\t\t<span  >\n\t\t\t\t\t\t\tTelefone\t\t\t\t\t\t<\/span>\n\t\t\t\t\t<\/h5>\n\t\t\t\t\n\t\t\t\t\t\t\t\t\t<p class=\"elementor-icon-box-description\">\n\t\t\t\t\t\t+55 43 99608-0500\t\t\t\t\t<\/p>\n\t\t\t\t\n\t\t\t<\/div>\n\t\t\t\n\t\t<\/div>\n\t\t\t\t\t\t<\/div>\n\t\t\t\t<div class=\"elementor-element elementor-element-770c37e6 elementor-widget elementor-widget-heading\" data-id=\"770c37e6\" data-element_type=\"widget\" data-e-type=\"widget\" data-widget_type=\"heading.default\">\n\t\t\t\t\t<h4 class=\"elementor-heading-title elementor-size-default\">Redes Sociais<\/h4>\t\t\t\t<\/div>\n\t\t\t\t<div class=\"elementor-element elementor-element-5c26c3d4 e-grid-align-left e-grid-align-mobile-center elementor-shape-rounded elementor-grid-0 elementor-widget elementor-widget-social-icons\" data-id=\"5c26c3d4\" data-element_type=\"widget\" data-e-type=\"widget\" data-widget_type=\"social-icons.default\">\n\t\t\t\t\t\t\t<div class=\"elementor-social-icons-wrapper elementor-grid\" role=\"list\">\n\t\t\t\t\t\t\t<span class=\"elementor-grid-item\" role=\"listitem\">\n\t\t\t\t\t<a class=\"elementor-icon elementor-social-icon elementor-social-icon-facebook elementor-repeater-item-a2b4d97\" target=\"_blank\">\n\t\t\t\t\t\t<span class=\"elementor-screen-only\">Facebook<\/span>\n\t\t\t\t\t\t<svg aria-hidden=\"true\" class=\"e-font-icon-svg e-fab-facebook\" viewBox=\"0 0 512 512\" xmlns=\"http:\/\/www.w3.org\/2000\/svg\"><path d=\"M504 256C504 119 393 8 256 8S8 119 8 256c0 123.78 90.69 226.38 209.25 245V327.69h-63V256h63v-54.64c0-62.15 37-96.48 93.67-96.48 27.14 0 55.52 4.84 55.52 4.84v61h-31.28c-30.8 0-40.41 19.12-40.41 38.73V256h68.78l-11 71.69h-57.78V501C413.31 482.38 504 379.78 504 256z\"><\/path><\/svg>\t\t\t\t\t<\/a>\n\t\t\t\t<\/span>\n\t\t\t\t\t\t\t<span class=\"elementor-grid-item\" role=\"listitem\">\n\t\t\t\t\t<a class=\"elementor-icon elementor-social-icon elementor-social-icon-pinterest elementor-repeater-item-a590fc4\" target=\"_blank\">\n\t\t\t\t\t\t<span class=\"elementor-screen-only\">Pinterest<\/span>\n\t\t\t\t\t\t<svg aria-hidden=\"true\" class=\"e-font-icon-svg e-fab-pinterest\" viewBox=\"0 0 496 512\" xmlns=\"http:\/\/www.w3.org\/2000\/svg\"><path d=\"M496 256c0 137-111 248-248 248-25.6 0-50.2-3.9-73.4-11.1 10.1-16.5 25.2-43.5 30.8-65 3-11.6 15.4-59 15.4-59 8.1 15.4 31.7 28.5 56.8 28.5 74.8 0 128.7-68.8 128.7-154.3 0-81.9-66.9-143.2-152.9-143.2-107 0-163.9 71.8-163.9 150.1 0 36.4 19.4 81.7 50.3 96.1 4.7 2.2 7.2 1.2 8.3-3.3.8-3.4 5-20.3 6.9-28.1.6-2.5.3-4.7-1.7-7.1-10.1-12.5-18.3-35.3-18.3-56.6 0-54.7 41.4-107.6 112-107.6 60.9 0 103.6 41.5 103.6 100.9 0 67.1-33.9 113.6-78 113.6-24.3 0-42.6-20.1-36.7-44.8 7-29.5 20.5-61.3 20.5-82.6 0-19-10.2-34.9-31.4-34.9-24.9 0-44.9 25.7-44.9 60.2 0 22 7.4 36.8 7.4 36.8s-24.5 103.8-29 123.2c-5 21.4-3 51.6-.9 71.2C65.4 450.9 0 361.1 0 256 0 119 111 8 248 8s248 111 248 248z\"><\/path><\/svg>\t\t\t\t\t<\/a>\n\t\t\t\t<\/span>\n\t\t\t\t\t\t\t<span class=\"elementor-grid-item\" role=\"listitem\">\n\t\t\t\t\t<a class=\"elementor-icon elementor-social-icon elementor-social-icon-behance elementor-repeater-item-c20c40b\" target=\"_blank\">\n\t\t\t\t\t\t<span class=\"elementor-screen-only\">Behance<\/span>\n\t\t\t\t\t\t<svg aria-hidden=\"true\" class=\"e-font-icon-svg e-fab-behance\" viewBox=\"0 0 576 512\" xmlns=\"http:\/\/www.w3.org\/2000\/svg\"><path d=\"M232 237.2c31.8-15.2 48.4-38.2 48.4-74 0-70.6-52.6-87.8-113.3-87.8H0v354.4h171.8c64.4 0 124.9-30.9 124.9-102.9 0-44.5-21.1-77.4-64.7-89.7zM77.9 135.9H151c28.1 0 53.4 7.9 53.4 40.5 0 30.1-19.7 42.2-47.5 42.2h-79v-82.7zm83.3 233.7H77.9V272h84.9c34.3 0 56 14.3 56 50.6 0 35.8-25.9 47-57.6 47zm358.5-240.7H376V94h143.7v34.9zM576 305.2c0-75.9-44.4-139.2-124.9-139.2-78.2 0-131.3 58.8-131.3 135.8 0 79.9 50.3 134.7 131.3 134.7 61.3 0 101-27.6 120.1-86.3H509c-6.7 21.9-34.3 33.5-55.7 33.5-41.3 0-63-24.2-63-65.3h185.1c.3-4.2.6-8.7.6-13.2zM390.4 274c2.3-33.7 24.7-54.8 58.5-54.8 35.4 0 53.2 20.8 56.2 54.8H390.4z\"><\/path><\/svg>\t\t\t\t\t<\/a>\n\t\t\t\t<\/span>\n\t\t\t\t\t\t\t<span class=\"elementor-grid-item\" role=\"listitem\">\n\t\t\t\t\t<a class=\"elementor-icon elementor-social-icon elementor-social-icon-dribbble elementor-repeater-item-d07c023\" target=\"_blank\">\n\t\t\t\t\t\t<span class=\"elementor-screen-only\">Dribbble<\/span>\n\t\t\t\t\t\t<svg aria-hidden=\"true\" class=\"e-font-icon-svg e-fab-dribbble\" viewBox=\"0 0 512 512\" xmlns=\"http:\/\/www.w3.org\/2000\/svg\"><path d=\"M256 8C119.252 8 8 119.252 8 256s111.252 248 248 248 248-111.252 248-248S392.748 8 256 8zm163.97 114.366c29.503 36.046 47.369 81.957 47.835 131.955-6.984-1.477-77.018-15.682-147.502-6.818-5.752-14.041-11.181-26.393-18.617-41.614 78.321-31.977 113.818-77.482 118.284-83.523zM396.421 97.87c-3.81 5.427-35.697 48.286-111.021 76.519-34.712-63.776-73.185-116.168-79.04-124.008 67.176-16.193 137.966 1.27 190.061 47.489zm-230.48-33.25c5.585 7.659 43.438 60.116 78.537 122.509-99.087 26.313-186.36 25.934-195.834 25.809C62.38 147.205 106.678 92.573 165.941 64.62zM44.17 256.323c0-2.166.043-4.322.108-6.473 9.268.19 111.92 1.513 217.706-30.146 6.064 11.868 11.857 23.915 17.174 35.949-76.599 21.575-146.194 83.527-180.531 142.306C64.794 360.405 44.17 310.73 44.17 256.323zm81.807 167.113c22.127-45.233 82.178-103.622 167.579-132.756 29.74 77.283 42.039 142.053 45.189 160.638-68.112 29.013-150.015 21.053-212.768-27.882zm248.38 8.489c-2.171-12.886-13.446-74.897-41.152-151.033 66.38-10.626 124.7 6.768 131.947 9.055-9.442 58.941-43.273 109.844-90.795 141.978z\"><\/path><\/svg>\t\t\t\t\t<\/a>\n\t\t\t\t<\/span>\n\t\t\t\t\t<\/div>\n\t\t\t\t\t\t<\/div>\n\t\t\t\t\t<\/div>\n\t\t\t\t<\/div>\n\t\t<div class=\"elementor-element elementor-element-33afd922 e-con-full e-flex e-con e-child\" data-id=\"33afd922\" data-element_type=\"container\" data-e-type=\"container\">\n\t\t\t\t<div class=\"elementor-element elementor-element-ef054e9 elementor-button-align-stretch elementor-widget elementor-widget-form\" data-id=\"ef054e9\" data-element_type=\"widget\" data-e-type=\"widget\" data-settings=\"{&quot;step_next_label&quot;:&quot;Pr\\u00f3ximo&quot;,&quot;step_previous_label&quot;:&quot;Anterior&quot;,&quot;button_width&quot;:&quot;100&quot;,&quot;step_type&quot;:&quot;number_text&quot;,&quot;step_icon_shape&quot;:&quot;circle&quot;}\" data-widget_type=\"form.default\">\n\t\t\t\t\t\t\t<form class=\"elementor-form\" method=\"post\" name=\"Novo formul\u00e1rio\" aria-label=\"Novo formul\u00e1rio\">\n\t\t\t<input type=\"hidden\" name=\"post_id\" value=\"248\"\/>\n\t\t\t<input type=\"hidden\" name=\"form_id\" value=\"ef054e9\"\/>\n\t\t\t<input type=\"hidden\" name=\"referer_title\" value=\"Contato\" \/>\n\n\t\t\t\t\t\t\t<input type=\"hidden\" name=\"queried_id\" value=\"248\"\/>\n\t\t\t\n\t\t\t<div class=\"elementor-form-fields-wrapper elementor-labels-above\">\n\t\t\t\t\t\t\t\t<div class=\"elementor-field-type-text elementor-field-group elementor-column elementor-field-group-name elementor-col-100\">\n\t\t\t\t\t\t\t\t\t\t\t\t<label for=\"form-field-name\" class=\"elementor-field-label\">\n\t\t\t\t\t\t\t\tNome\t\t\t\t\t\t\t<\/label>\n\t\t\t\t\t\t\t\t\t\t\t\t\t\t<input size=\"1\" type=\"text\" name=\"form_fields[name]\" id=\"form-field-name\" class=\"elementor-field elementor-size-sm  elementor-field-textual\" placeholder=\"Nome\">\n\t\t\t\t\t\t\t\t\t\t\t<\/div>\n\t\t\t\t\t\t\t\t<div class=\"elementor-field-type-email elementor-field-group elementor-column elementor-field-group-email elementor-col-100 elementor-field-required\">\n\t\t\t\t\t\t\t\t\t\t\t\t<label for=\"form-field-email\" class=\"elementor-field-label\">\n\t\t\t\t\t\t\t\tE-mail\t\t\t\t\t\t\t<\/label>\n\t\t\t\t\t\t\t\t\t\t\t\t\t\t<input size=\"1\" type=\"email\" name=\"form_fields[email]\" id=\"form-field-email\" class=\"elementor-field elementor-size-sm  elementor-field-textual\" placeholder=\"E-mail\" required=\"required\">\n\t\t\t\t\t\t\t\t\t\t\t<\/div>\n\t\t\t\t\t\t\t\t<div class=\"elementor-field-type-textarea elementor-field-group elementor-column elementor-field-group-message elementor-col-100\">\n\t\t\t\t\t\t\t\t\t\t\t\t<label for=\"form-field-message\" class=\"elementor-field-label\">\n\t\t\t\t\t\t\t\tMensagem\t\t\t\t\t\t\t<\/label>\n\t\t\t\t\t\t<textarea class=\"elementor-field-textual elementor-field  elementor-size-sm\" name=\"form_fields[message]\" id=\"form-field-message\" rows=\"4\" placeholder=\"Mensagem\"><\/textarea>\t\t\t\t<\/div>\n\t\t\t\t\t\t\t\t<div class=\"elementor-field-group elementor-column elementor-field-type-submit elementor-col-100 e-form__buttons\">\n\t\t\t\t\t<button class=\"elementor-button elementor-size-sm\" type=\"submit\">\n\t\t\t\t\t\t<span class=\"elementor-button-content-wrapper\">\n\t\t\t\t\t\t\t\t\t\t\t\t\t\t\t\t\t\t\t\t\t\t<span class=\"elementor-button-text\">Enviar<\/span>\n\t\t\t\t\t\t\t\t\t\t\t\t\t<\/span>\n\t\t\t\t\t<\/button>\n\t\t\t\t<\/div>\n\t\t\t<\/div>\n\t\t<\/form>\n\t\t\t\t\t\t<\/div>\n\t\t\t\t<\/div>\n\t\t\t\t\t<\/div>\n\t\t\t\t<\/div>\n\t\t\t\t\t<\/div>\n\t\t\t\t<\/div>\n\t\t<div class=\"elementor-element elementor-element-3842b0a6 e-flex e-con-boxed e-con e-parent\" data-id=\"3842b0a6\" data-element_type=\"container\" data-e-type=\"container\">\n\t\t\t\t\t<div class=\"e-con-inner\">\n\t\t\t\t<div class=\"elementor-element elementor-element-732a7543 elementor-widget elementor-widget-heading\" data-id=\"732a7543\" data-element_type=\"widget\" data-e-type=\"widget\" data-widget_type=\"heading.default\">\n\t\t\t\t\t<h2 class=\"elementor-heading-title elementor-size-default\">Localiza\u00e7\u00e3o dos escrit\u00f3rios<\/h2>\t\t\t\t<\/div>\n\t\t\t\t<div class=\"elementor-element elementor-element-26c1a450 elementor-widget elementor-widget-google_maps\" data-id=\"26c1a450\" data-element_type=\"widget\" data-e-type=\"widget\" data-widget_type=\"google_maps.default\">\n\t\t\t\t\t\t\t<div class=\"elementor-custom-embed\">\n\t\t\t<iframe loading=\"lazy\"\n\t\t\t\t\tsrc=\"https:\/\/maps.google.com\/maps?q=390%2C%20Turiassu%20street%2C%20S%C3%A3o%20Paulo%20city%20-%20S%C3%A3o%20Paulo%20state%20-%20Brasil&#038;t=m&#038;z=10&#038;output=embed&#038;iwloc=near\"\n\t\t\t\t\ttitle=\"390, Turiassu street, S\u00e3o Paulo city - S\u00e3o Paulo state - Brasil\"\n\t\t\t\t\taria-label=\"390, Turiassu street, S\u00e3o Paulo city - S\u00e3o Paulo state - Brasil\"\n\t\t\t><\/iframe>\n\t\t<\/div>\n\t\t\t\t\t\t<\/div>\n\t\t\t\t<div class=\"elementor-element elementor-element-1855363b elementor-widget-divider--view-line elementor-widget elementor-widget-divider\" data-id=\"1855363b\" data-element_type=\"widget\" data-e-type=\"widget\" data-widget_type=\"divider.default\">\n\t\t\t\t\t\t\t<div class=\"elementor-divider\">\n\t\t\t<span class=\"elementor-divider-separator\">\n\t\t\t\t\t\t<\/span>\n\t\t<\/div>\n\t\t\t\t\t\t<\/div>\n\t\t<div class=\"elementor-element elementor-element-6ba38195 e-flex e-con-boxed e-con e-child\" data-id=\"6ba38195\" data-element_type=\"container\" data-e-type=\"container\">\n\t\t\t\t\t<div class=\"e-con-inner\">\n\t\t<div class=\"elementor-element elementor-element-760902e2 e-flex e-con-boxed e-con e-child\" data-id=\"760902e2\" data-element_type=\"container\" data-e-type=\"container\" data-settings=\"{&quot;background_background&quot;:&quot;classic&quot;}\">\n\t\t\t\t\t<div class=\"e-con-inner\">\n\t\t\t\t<div class=\"elementor-element elementor-element-3bc85c93 elementor-widget elementor-widget-heading\" data-id=\"3bc85c93\" data-element_type=\"widget\" data-e-type=\"widget\" data-widget_type=\"heading.default\">\n\t\t\t\t\t<h5 class=\"elementor-heading-title elementor-size-default\">S\u00e3o Paulo (Brasil)<\/h5>\t\t\t\t<\/div>\n\t\t\t\t<div class=\"elementor-element elementor-element-a7353a8 elementor-widget elementor-widget-heading\" data-id=\"a7353a8\" data-element_type=\"widget\" data-e-type=\"widget\" data-widget_type=\"heading.default\">\n\t\t\t\t\t<h6 class=\"elementor-heading-title elementor-size-default\">+55 43 99608-0500 | +1 236 862 6331<\/h6>\t\t\t\t<\/div>\n\t\t\t\t<div class=\"elementor-element elementor-element-47005ec2 elementor-widget elementor-widget-text-editor\" data-id=\"47005ec2\" data-element_type=\"widget\" data-e-type=\"widget\" data-widget_type=\"text-editor.default\">\n\t\t\t\t\t\t\t\t\t<p>390, Turiassu street &#8211; suite 165 &#8211; 16th floor &#8211; Perdizes &#8211; S\u00e3o Paulo city &#8211; S\u00e3o Paulo state &#8211; Brasil<br \/>Zip code 05.005-000<\/p>\t\t\t\t\t\t\t\t<\/div>\n\t\t\t\t\t<\/div>\n\t\t\t\t<\/div>\n\t\t\t\t\t<\/div>\n\t\t\t\t<\/div>\n\t\t\t\t\t<\/div>\n\t\t\t\t<\/div>\n\t\t\t\t<\/div>\n\t\t","protected":false},"excerpt":{"rendered":"<p>Como podemos te ajudar? Contact viverra aliquet eget sit amet tellus. Egestas egestas fringilla phasellus faucibus scelerisque. Cursus in hac habitasse platea dictumst quisque.Vitae congue mauris rhoncus aenean vel elit scelerisque mauris pellentesque. Leo urna molestie at elementum eu facilisis sed. Endere\u00e7o 390, Turiassu street &#8211; suite 165 &#8211; 16th floor &#8211; Perdizes &#8211; S\u00e3o [&hellip;]<\/p>\n","protected":false},"author":1,"featured_media":0,"parent":0,"menu_order":0,"comment_status":"closed","ping_status":"closed","template":"elementor_header_footer","meta":{"footnotes":""},"class_list":["post-248","page","type-page","status-publish","hentry"],"_links":{"self":[{"href":"https:\/\/auriveracapital.com.br\/en\/wp-json\/wp\/v2\/pages\/248","targetHints":{"allow":["GET"]}}],"collection":[{"href":"https:\/\/auriveracapital.com.br\/en\/wp-json\/wp\/v2\/pages"}],"about":[{"href":"https:\/\/auriveracapital.com.br\/en\/wp-json\/wp\/v2\/types\/page"}],"author":[{"embeddable":true,"href":"https:\/\/auriveracapital.com.br\/en\/wp-json\/wp\/v2\/users\/1"}],"replies":[{"embeddable":true,"href":"https:\/\/auriveracapital.com.br\/en\/wp-json\/wp\/v2\/comments?post=248"}],"version-history":[{"count":19,"href":"https:\/\/auriveracapital.com.br\/en\/wp-json\/wp\/v2\/pages\/248\/revisions"}],"predecessor-version":[{"id":770,"href":"https:\/\/auriveracapital.com.br\/en\/wp-json\/wp\/v2\/pages\/248\/revisions\/770"}],"wp:attachment":[{"href":"https:\/\/auriveracapital.com.br\/en\/wp-json\/wp\/v2\/media?parent=248"}],"curies":[{"name":"wp","href":"https:\/\/api.w.org\/{rel}","templated":true}]}}